{"id":2408,"date":"2026-03-14T16:33:12","date_gmt":"2026-03-14T08:33:12","guid":{"rendered":"http:\/\/www.caryta.com\/?post_type=product&#038;p=2408"},"modified":"2026-03-26T23:26:35","modified_gmt":"2026-03-26T15:26:35","slug":"zoomlion-4x2-wassertankwagen","status":"publish","type":"product","link":"https:\/\/www.caryta.com\/de\/product\/zoomlion-4x2-water-tank-truck\/","title":{"rendered":"Zoomlion 4X2 WASSERTANK-LKW"},"content":{"rendered":"<p>15-Kubikmeter-Wasserspr\u00fchfahrzeug, Modell 5183. 6-Zylinder-Cummins-Motor mit 230 Pferdest\u00e4rken. Schnelles Getriebe mit 8 kleinen G\u00e4ngen f\u00fcr hohe und niedrige Geschwindigkeiten. Interner und externer Korrosionsschutz, elektrophoretische Lackierung, pneumatische Ventile. Weilong-Wasserpumpe. Das gesamte Fahrzeug ist mit 4 Kameras ausgestattet.<\/p>\n<p><!-- ======================================== Zoomlion Heavy Cargo Special Operations Truck - Product Specifications WordPress Compatible - English Version ======================================== --><\/p>\n<div class=\"truck-specs-container\" style=\"max-width: 100%; margin: 20px 0; font-family: 'Microsoft YaHei', Arial, sans-serif; font-size: 14px; line-height: 1.6; color: #333;\">\n<p><!-- === Product Title === --><\/p>\n<h2 style=\"text-align: center; color: #2c3e50; margin-bottom: 20px; padding-bottom: 10px; border-bottom: 2px solid #e74c3c;\">WATER TANK Truck - Produktspezifikationen<\/h2>\n<p><!-- === Basic Information === --><\/p>\n<div class=\"spec-section\">\n<h3 style=\"background: linear-gradient(to right, #e74c3c, #c0392b); color: #fff; padding: 10px 15px; margin: 25px 0 15px 0; border-radius: 4px; font-size: 16px; font-weight: bold;\">Grundlegende Informationen<\/h3>\n<table style=\"width: 100%; border-collapse: collapse; margin-bottom: 15px;\">\n<tbody>\n<tr style=\"background-color: #f8f9fa;\">\n<td style=\"padding: 12px 15px; border: 1px solid #e0e0e0; width: 30%; font-weight: bold; color: #2c3e50;\">K\u00f6rperfarbe<\/td>\n<td style=\"padding: 12px 15px; border: 1px solid #e0e0e0; width: 70%;\">Wei\u00df\/Grau\/Gr\u00fcn<\/td>\n<\/tr>\n<tr>\n<td style=\"padding: 12px 15px; border: 1px solid #e0e0e0; font-weight: bold; color: #2c3e50;\">Motor Nummer<\/td>\n<td style=\"padding: 12px 15px; border: 1px solid #e0e0e0;\">93026430<\/td>\n<\/tr>\n<tr style=\"background-color: #f8f9fa;\">\n<td style=\"padding: 12px 15px; border: 1px solid #e0e0e0; font-weight: bold; color: #2c3e50;\">Motormodell<\/td>\n<td style=\"padding: 12px 15px; border: 1px solid #e0e0e0;\">B6.2NS6B230<\/td>\n<\/tr>\n<tr>\n<td style=\"padding: 12px 15px; border: 1px solid #e0e0e0; font-weight: bold; color: #2c3e50;\">Kraftstofftyp<\/td>\n<td style=\"padding: 12px 15px; border: 1px solid #e0e0e0;\">Diesel<\/td>\n<\/tr>\n<tr style=\"background-color: #f8f9fa;\">\n<td style=\"padding: 12px 15px; border: 1px solid #e0e0e0; font-weight: bold; color: #2c3e50;\">Verdr\u00e4ngung\/Leistung<\/td>\n<td style=\"padding: 12px 15px; border: 1px solid #e0e0e0;\">6200 ml \/ 169 kw<\/td>\n<\/tr>\n<tr>\n<td style=\"padding: 12px 15px; border: 1px solid #e0e0e0; font-weight: bold; color: #2c3e50;\">Lenkung Typ<\/td>\n<td style=\"padding: 12px 15px; border: 1px solid #e0e0e0;\">Lenkrad<\/td>\n<\/tr>\n<\/tbody>\n<\/table>\n<\/div>\n<p><!-- === Dimensions === --><\/p>\n<div class=\"spec-section\">\n<h3 style=\"background: linear-gradient(to right, #e74c3c, #c0392b); color: #fff; padding: 10px 15px; margin: 25px 0 15px 0; border-radius: 4px; font-size: 16px; font-weight: bold;\">Abmessungen<\/h3>\n<table style=\"width: 100%; border-collapse: collapse; margin-bottom: 15px;\">\n<tbody>\n<tr style=\"background-color: #f8f9fa;\">\n<td style=\"padding: 12px 15px; border: 1px solid #e0e0e0; width: 30%; font-weight: bold; color: #2c3e50;\">Spur<\/td>\n<td style=\"padding: 12px 15px; border: 1px solid #e0e0e0; width: 70%;\">Vorne 1914mm \/ Hinten 1820mm<\/td>\n<\/tr>\n<tr>\n<td style=\"padding: 12px 15px; border: 1px solid #e0e0e0; font-weight: bold; color: #2c3e50;\">Anzahl der Reifen<\/td>\n<td style=\"padding: 12px 15px; border: 1px solid #e0e0e0;\">6<\/td>\n<\/tr>\n<tr style=\"background-color: #f8f9fa;\">\n<td style=\"padding: 12px 15px; border: 1px solid #e0e0e0; font-weight: bold; color: #2c3e50;\">Reifenspezifikation<\/td>\n<td style=\"padding: 12px 15px; border: 1px solid #e0e0e0;\">275\/80R22.5 18PR<\/td>\n<\/tr>\n<tr>\n<td style=\"padding: 12px 15px; border: 1px solid #e0e0e0; font-weight: bold; color: #2c3e50;\">Blattfederteller<\/td>\n<td style=\"padding: 12px 15px; border: 1px solid #e0e0e0;\">Hinterachse 18 Bleche<\/td>\n<\/tr>\n<tr style=\"background-color: #f8f9fa;\">\n<td style=\"padding: 12px 15px; border: 1px solid #e0e0e0; font-weight: bold; color: #2c3e50;\">Radstand<\/td>\n<td style=\"padding: 12px 15px; border: 1px solid #e0e0e0;\">4500mm<\/td>\n<\/tr>\n<tr>\n<td style=\"padding: 12px 15px; border: 1px solid #e0e0e0; font-weight: bold; color: #2c3e50;\">Anzahl der Achsen<\/td>\n<td style=\"padding: 12px 15px; border: 1px solid #e0e0e0;\">2<\/td>\n<\/tr>\n<tr style=\"background-color: #f8f9fa;\">\n<td style=\"padding: 12px 15px; border: 1px solid #e0e0e0; font-weight: bold; color: #2c3e50;\">Gesamtabmessungen<\/td>\n<td style=\"padding: 12px 15px; border: 1px solid #e0e0e0;\">L\u00e4nge 8060mm \u00d7 Breite 2450mm \u00d7 H\u00f6he 2910mm<\/td>\n<\/tr>\n<\/tbody>\n<\/table>\n<\/div>\n<p><!-- === Weight Information === --><\/p>\n<div class=\"spec-section\">\n<h3 style=\"background: linear-gradient(to right, #e74c3c, #c0392b); color: #fff; padding: 10px 15px; margin: 25px 0 15px 0; border-radius: 4px; font-size: 16px; font-weight: bold;\">Informationen zum Gewicht<\/h3>\n<table style=\"width: 100%; border-collapse: collapse; margin-bottom: 15px;\">\n<tbody>\n<tr style=\"background-color: #f8f9fa;\">\n<td style=\"padding: 12px 15px; border: 1px solid #e0e0e0; width: 30%; font-weight: bold; color: #2c3e50;\">Bruttofahrzeuggewicht<\/td>\n<td style=\"padding: 12px 15px; border: 1px solid #e0e0e0; width: 70%;\">18000kg<\/td>\n<\/tr>\n<tr>\n<td style=\"padding: 12px 15px; border: 1px solid #e0e0e0; font-weight: bold; color: #2c3e50;\">Nennbelastbarkeit<\/td>\n<td style=\"padding: 12px 15px; border: 1px solid #e0e0e0;\">10605kg<\/td>\n<\/tr>\n<\/tbody>\n<\/table>\n<\/div>\n<\/div>","protected":false},"excerpt":{"rendered":"[fusion_text columns=\"\" rule_style=\"default\" rule_size=\"\" animation_direction=\"left\" animation_speed=\"0.3\" hide_on_mobile=\"small-visibility,medium-visibility,large-visibility\" sticky_display=\"normal,sticky\" margin_bottom=\"40px\"]Whether your job site requires dewatering, dust abatement, or general non-potable water supply, the Howo Water Tanker Truck is engineered to get the job done.[\/fusion_text]\n<p>[fusion_title title_type=\"text\" rotation_effect=\"bounceIn\" display_time=\"1200\" highlight_effect=\"circle\" loop_animation=\"off\" highlight_width=\"9\" highlight_top_margin=\"0\" title_link=\"off\" link_target=\"_self\" content_align=\"left\" size=\"5\" text_shadow=\"no\" text_shadow_blur=\"0\" gradient_font=\"no\" gradient_start_position=\"0\" gradient_end_position=\"100\" gradient_type=\"linear\" radial_direction=\"center center\" linear_angle=\"180\" style_type=\"default\" animation_direction=\"left\" animation_speed=\"0.3\" hide_on_mobile=\"small-visibility,medium-visibility,large-visibility\" sticky_display=\"normal,sticky\"]Main Features[\/fusion_title][fusion_imageframe custom_aspect_ratio=\"100\" lightbox=\"no\" linktarget=\"_self\" align_medium=\"none\" align_small=\"none\" align=\"none\" hover_type=\"none\" caption_style=\"off\" caption_align_medium=\"none\" caption_align_small=\"none\" caption_align=\"none\" caption_title_tag=\"2\" animation_direction=\"left\" animation_speed=\"0.3\" hide_on_mobile=\"small-visibility,medium-visibility,large-visibility\" sticky_display=\"normal,sticky\" filter_hue=\"0\" filter_saturation=\"100\" filter_brightness=\"100\" filter_contrast=\"100\" filter_invert=\"0\" filter_sepia=\"0\" filter_opacity=\"100\" filter_blur=\"0\" filter_hue_hover=\"0\" filter_saturation_hover=\"100\" filter_brightness_hover=\"100\" filter_contrast_hover=\"100\" filter_invert_hover=\"0\" filter_sepia_hover=\"0\" filter_opacity_hover=\"100\" filter_blur_hover=\"0\" image_id=\"167|full\" max_width=\"60px\" margin_bottom=\"40px\"]https:\/\/avada.website\/car-dealership\/wp-content\/uploads\/sites\/165\/2021\/12\/heading-separator.png[\/fusion_imageframe][fusion_builder_row_inner][fusion_builder_column_inner type=\"1_3\" type=\"1_3\" align_self=\"auto\" content_layout=\"column\" align_content=\"flex-start\" valign_content=\"flex-start\" content_wrap=\"wrap\" center_content=\"no\" target=\"_self\" hide_on_mobile=\"small-visibility,medium-visibility,large-visibility\" sticky_display=\"normal,sticky\" order_medium=\"0\" order_small=\"0\" hover_type=\"none\" border_style=\"solid\" box_shadow=\"no\" box_shadow_blur=\"0\" box_shadow_spread=\"0\" background_type=\"single\" gradient_start_position=\"0\" gradient_end_position=\"100\" gradient_type=\"linear\" radial_direction=\"center center\" linear_angle=\"180\" background_position=\"left top\" background_repeat=\"no-repeat\" background_blend_mode=\"none\" filter_type=\"regular\" filter_hue=\"0\" filter_saturation=\"100\" filter_brightness=\"100\" filter_contrast=\"100\" filter_invert=\"0\" filter_sepia=\"0\" filter_opacity=\"100\" filter_blur=\"0\" filter_hue_hover=\"0\" filter_saturation_hover=\"100\" filter_brightness_hover=\"100\" filter_contrast_hover=\"100\" filter_invert_hover=\"0\" filter_sepia_hover=\"0\" filter_opacity_hover=\"100\" filter_blur_hover=\"0\" animation_direction=\"left\" animation_speed=\"0.3\" last=\"no\" border_position=\"all\" border_sizes_right=\"1px\" border_color=\"hsla(var(--awb-color2-h),var(--awb-color2-s),calc(var(--awb-color2-l) - 5%),var(--awb-color2-a))\" min_height=\"\" link=\"\"][fusion_fontawesome icon=\"fusion-prefix-awb-cardealership-performance\" spin=\"no\" linktarget=\"_self\" bg_size=\"0\" hide_on_mobile=\"small-visibility,medium-visibility,large-visibility\" sticky_display=\"normal,sticky\" animation_direction=\"left\" animation_speed=\"0.3\" circle=\"no\" iconcolor=\"var(--awb-color4)\" iconcolor_hover=\"var(--awb-color5)\" size=\"60\" alignment=\"center\" \/][fusion_text rule_style=\"default\" animation_direction=\"left\" animation_speed=\"0.3\" hide_on_mobile=\"small-visibility,medium-visibility,large-visibility\" sticky_display=\"normal,sticky\" line_height=\"1.3\" margin_top=\"20px\" font_size=\"20px\" margin_bottom=\"0px\" content_alignment=\"center\"]<br \/>\nSinotruk<br \/>\n[\/fusion_text][\/fusion_builder_column_inner][fusion_builder_column_inner type=\"1_3\" type=\"1_3\" align_self=\"auto\" content_layout=\"column\" align_content=\"flex-start\" valign_content=\"flex-start\" content_wrap=\"wrap\" center_content=\"no\" target=\"_self\" hide_on_mobile=\"small-visibility,medium-visibility,large-visibility\" sticky_display=\"normal,sticky\" order_medium=\"0\" order_small=\"0\" hover_type=\"none\" border_style=\"solid\" box_shadow=\"no\" box_shadow_blur=\"0\" box_shadow_spread=\"0\" background_type=\"single\" gradient_start_position=\"0\" gradient_end_position=\"100\" gradient_type=\"linear\" radial_direction=\"center center\" linear_angle=\"180\" background_position=\"left top\" background_repeat=\"no-repeat\" background_blend_mode=\"none\" filter_type=\"regular\" filter_hue=\"0\" filter_saturation=\"100\" filter_brightness=\"100\" filter_contrast=\"100\" filter_invert=\"0\" filter_sepia=\"0\" filter_opacity=\"100\" filter_blur=\"0\" filter_hue_hover=\"0\" filter_saturation_hover=\"100\" filter_brightness_hover=\"100\" filter_contrast_hover=\"100\" filter_invert_hover=\"0\" filter_sepia_hover=\"0\" filter_opacity_hover=\"100\" filter_blur_hover=\"0\" animation_direction=\"left\" animation_speed=\"0.3\" last=\"no\" border_position=\"all\" min_height=\"\" link=\"\"][fusion_fontawesome icon=\"fusion-prefix-awb-cardealership-fuel\" spin=\"no\" linktarget=\"_self\" bg_size=\"0\" hide_on_mobile=\"small-visibility,medium-visibility,large-visibility\" sticky_display=\"normal,sticky\" animation_direction=\"left\" animation_speed=\"0.3\" circle=\"no\" iconcolor=\"var(--awb-color4)\" iconcolor_hover=\"var(--awb-color5)\" size=\"60\" alignment=\"center\" \/][fusion_text rule_style=\"default\" animation_direction=\"left\" animation_speed=\"0.3\" hide_on_mobile=\"small-visibility,medium-visibility,large-visibility\" sticky_display=\"normal,sticky\" line_height=\"1.3\" margin_top=\"20px\" font_size=\"20px\" margin_bottom=\"0px\" content_alignment=\"center\"]<br \/>\nDiesel\u200c<br \/>\n[\/fusion_text][\/fusion_builder_column_inner][fusion_builder_column_inner type=\"1_3\" type=\"1_3\" align_self=\"auto\" content_layout=\"column\" align_content=\"flex-start\" valign_content=\"flex-start\" content_wrap=\"wrap\" center_content=\"no\" target=\"_self\" hide_on_mobile=\"small-visibility,medium-visibility,large-visibility\" sticky_display=\"normal,sticky\" order_medium=\"0\" order_small=\"0\" hover_type=\"none\" border_style=\"solid\" box_shadow=\"no\" box_shadow_blur=\"0\" box_shadow_spread=\"0\" background_type=\"single\" gradient_start_position=\"0\" gradient_end_position=\"100\" gradient_type=\"linear\" radial_direction=\"center center\" linear_angle=\"180\" background_position=\"left top\" background_repeat=\"no-repeat\" background_blend_mode=\"none\" filter_type=\"regular\" filter_hue=\"0\" filter_saturation=\"100\" filter_brightness=\"100\" filter_contrast=\"100\" filter_invert=\"0\" filter_sepia=\"0\" filter_opacity=\"100\" filter_blur=\"0\" filter_hue_hover=\"0\" filter_saturation_hover=\"100\" filter_brightness_hover=\"100\" filter_contrast_hover=\"100\" filter_invert_hover=\"0\" filter_sepia_hover=\"0\" filter_opacity_hover=\"100\" filter_blur_hover=\"0\" animation_direction=\"left\" animation_speed=\"0.3\" last=\"no\" border_position=\"all\" border_sizes_left=\"1px\" border_color=\"hsla(var(--awb-color2-h),var(--awb-color2-s),calc(var(--awb-color2-l) - 5%),var(--awb-color2-a))\" min_height=\"\" link=\"\"][fusion_fontawesome icon=\"fusion-prefix-awb-cardealership-engine\" spin=\"no\" linktarget=\"_self\" bg_size=\"0\" hide_on_mobile=\"small-visibility,medium-visibility,large-visibility\" sticky_display=\"normal,sticky\" animation_direction=\"left\" animation_speed=\"0.3\" circle=\"no\" iconcolor=\"var(--awb-color4)\" iconcolor_hover=\"var(--awb-color5)\" size=\"60\" alignment=\"center\" \/][fusion_text rule_style=\"default\" animation_direction=\"left\" animation_speed=\"0.3\" hide_on_mobile=\"small-visibility,medium-visibility,large-visibility\" sticky_display=\"normal,sticky\" line_height=\"1.3\" margin_top=\"20px\" font_size=\"20px\" margin_bottom=\"0px\" content_alignment=\"center\"]<br \/>\n6.2-Liter V-6<\/p>\n<p>[\/fusion_text][\/fusion_builder_column_inner][\/fusion_builder_row_inner][fusion_separator style_type=\"single solid\" flex_grow=\"0\" alignment=\"left\" hide_on_mobile=\"small-visibility,medium-visibility,large-visibility\" sticky_display=\"normal,sticky\" width=\"500px\" sep_color=\"hsla(var(--awb-color2-h),var(--awb-color2-s),calc(var(--awb-color2-l) - 5%),var(--awb-color2-a))\" top_margin=\"30px\" bottom_margin=\"50px\" \/]<\/p>\n[fusion_checklist hide_on_mobile=\"small-visibility,medium-visibility,large-visibility\" circle=\"no\" iconcolor=\"var(--awb-color4)\"][fusion_li_item icon=\"fusion-prefix-awb-cardealership-map-marker-alt-solid\"]Location: <strong>China ShanDong<\/strong>[\/fusion_li_item][fusion_li_item icon=\"fusion-prefix-awb-cardealership-phone-alt-solid\"]Contact Dealer via Phone: <strong>(+86)4008801233<\/strong>[\/fusion_li_item][fusion_li_item icon=\"fusion-prefix-awb-cardealership-money-bill-alt-solid\"]Existing vehicles: <strong>Brand New Cars &amp; Used Cars<\/strong>[\/fusion_li_item][\/fusion_checklist]\n[fusion_button target=\"_self\" color=\"custom\" linear_angle=\"180\" stretch=\"default\" icon_position=\"left\" icon_divider=\"no\" animation_direction=\"left\" animation_speed=\"0.3\" hide_on_mobile=\"small-visibility,medium-visibility,large-visibility\" sticky_display=\"normal,sticky\" link=\"http:\/\/www.caryta.com\/contact-us\/\" fusion_font_family_button_font=\"var(--awb-typography3-font-family)\" font_size=\"var(--awb-typography3-font-size)\" line_height=\"var(--awb-typography3-line-height)\" letter_spacing=\"var(--awb-typography3-letter-spacing)\" text_transform=\"var(--awb-typography3-text-transform)\" margin_top=\"40px\" margin_right=\"20px\" fusion_font_variant_button_font=\"var(--awb-typography3)\" border_top=\"1px\" border_right=\"1px\" border_bottom=\"1px\" border_left=\"1px\" border_color=\"var(--awb-color5)\" border_hover_color=\"var(--awb-color7)\" button_gradient_top_color=\"var(--awb-color5)\" button_gradient_bottom_color=\"var(--awb-color5)\" button_gradient_top_color_hover=\"var(--awb-color7)\" button_gradient_bottom_color_hover=\"var(--awb-color7)\"]contact dealer[\/fusion_button]\n","protected":false},"featured_media":2411,"comment_status":"open","ping_status":"closed","template":"","meta":[],"product_brand":[],"product_cat":[38,92,79],"product_tag":[40,42,68,75,80,85],"class_list":{"0":"post-2408","1":"product","2":"type-product","3":"status-publish","4":"has-post-thumbnail","6":"product_cat-all-cars","7":"product_cat-special-truck","8":"product_cat-used-cars","9":"product_tag-audi","10":"product_tag-black","11":"product_tag-petrol","12":"product_tag-sedan","13":"product_tag-used-cars","14":"product_tag-water-tank-truck","15":"pa_color-all-products","17":"first","18":"instock","19":"sale","20":"shipping-taxable","21":"purchasable","22":"product-type-simple"},"_links":{"self":[{"href":"https:\/\/www.caryta.com\/de\/wp-json\/wp\/v2\/product\/2408","targetHints":{"allow":["GET"]}}],"collection":[{"href":"https:\/\/www.caryta.com\/de\/wp-json\/wp\/v2\/product"}],"about":[{"href":"https:\/\/www.caryta.com\/de\/wp-json\/wp\/v2\/types\/product"}],"replies":[{"embeddable":true,"href":"https:\/\/www.caryta.com\/de\/wp-json\/wp\/v2\/comments?post=2408"}],"wp:featuredmedia":[{"embeddable":true,"href":"https:\/\/www.caryta.com\/de\/wp-json\/wp\/v2\/media\/2411"}],"wp:attachment":[{"href":"https:\/\/www.caryta.com\/de\/wp-json\/wp\/v2\/media?parent=2408"}],"wp:term":[{"taxonomy":"product_brand","embeddable":true,"href":"https:\/\/www.caryta.com\/de\/wp-json\/wp\/v2\/product_brand?post=2408"},{"taxonomy":"product_cat","embeddable":true,"href":"https:\/\/www.caryta.com\/de\/wp-json\/wp\/v2\/product_cat?post=2408"},{"taxonomy":"product_tag","embeddable":true,"href":"https:\/\/www.caryta.com\/de\/wp-json\/wp\/v2\/product_tag?post=2408"}],"curies":[{"name":"wp","href":"https:\/\/api.w.org\/{rel}","templated":true}]}}